{"id":3882,"date":"2013-12-18T23:27:29","date_gmt":"2013-12-18T23:27:29","guid":{"rendered":"http:\/\/localhost.calefax.nl\/shop\/shop\/uncategorized\/libro-de-glosas\/"},"modified":"2020-09-10T14:36:18","modified_gmt":"2020-09-10T14:36:18","slug":"libro-de-glosas","status":"publish","type":"product","link":"https:\/\/calefax.nl\/shop\/shop\/cds\/libro-de-glosas\/","title":{"rendered":"Libro de Glosas (2009)"},"content":{"rendered":"<p>Calefax decided to get into the recording studio (actually a beautiful church in Haarlem) and just record lots of material. Most of it ended up on this CD some music has been released through other media. It was the first time Calefax recorded a CD in this \u2018semi live\u2019 way.<\/p>\n<p>CLAUDE DEBUSSY\u00a0\u00a0\u00a0\u00a0\u00a0\u00a0\u00a0\u00a0\u00a0\u00a0\u00a0\u00a0\u00a0\u00a0\u00a0\u00a0\u00a0\u00a0\u00a0\u00a0\u00a0\u00a0\u00a0\u00a0\u00a0\u00a0\u00a0\u00a0\u00a0\u00a0\u00a0\u00a0\u00a0\u00a0\u00a0\u00a0\u00a0\u00a0 Suite Bergamasque<br \/>\nJOS\u00c9-MARIA S\u00c1NCHEZ-VERD\u00da \u00a0 \u00a0 \u00a0 \u00a0 \u00a0 \u00a0 \u00a0Libro de Glosas<br \/>\nMAURICE RAVEL \u00a0 \u00a0 \u00a0 \u00a0 \u00a0 \u00a0 \u00a0 \u00a0 \u00a0 \u00a0 \u00a0 \u00a0 \u00a0 \u00a0 \u00a0 \u00a0 \u00a0 \u00a0 \u00a0 \u00a0 \u00a0 Rapsody Espagnole<br \/>\nP.I. TCHAIKOVSKY\/D. ELLINGTON \u00a0 \u00a0 \u00a0 \u00a0 \u00a0Nutcracker Jazz Suite<br \/>\nPETER SHOTT \u00a0 \u00a0 \u00a0 \u00a0 \u00a0 \u00a0 \u00a0 \u00a0 \u00a0 \u00a0 \u00a0 \u00a0 \u00a0 \u00a0 \u00a0 \u00a0 \u00a0 \u00a0 \u00a0 \u00a0 \u00a0 \u00a0 \u00a0 \u00a0The Canals of Amsterdam<\/p>\n<p>RIOJA Records RR 1401<\/p>\n<p>Preview:<\/p>\n<p>Pieter Goemans &#8211; Aan de Amsterdamse Grachten (arr. Jelte Althuis)<br \/>\n<audio class=\"wp-audio-shortcode\" id=\"audio-3882-1\" preload=\"none\" style=\"width: 100%;\" controls=\"controls\"><source type=\"audio\/mpeg\" src=\"https:\/\/calefax.nl\/shop\/app\/uploads\/2013\/12\/12-Aan-de-amsterdamse-grachten.mp3?_=1\" \/><a href=\"https:\/\/calefax.nl\/shop\/app\/uploads\/2013\/12\/12-Aan-de-amsterdamse-grachten.mp3\">https:\/\/calefax.nl\/shop\/app\/uploads\/2013\/12\/12-Aan-de-amsterdamse-grachten.mp3<\/a><\/audio><\/p>\n","protected":false},"excerpt":{"rendered":"<p>A \u2018semi live\u2019 CD especially produced for Calefax\u2019s Japan Tour 2009.<\/p>\n","protected":false},"featured_media":4127,"comment_status":"closed","ping_status":"closed","template":"","meta":{"_acf_changed":false},"product_brand":[],"product_cat":[25],"product_tag":[],"class_list":{"0":"post-3882","1":"product","2":"type-product","3":"status-publish","4":"has-post-thumbnail","6":"product_cat-cds","8":"first","9":"instock","10":"taxable","11":"shipping-taxable","12":"purchasable","13":"product-type-simple"},"acf":[],"yoast_head":"<!-- This site is optimized with the Yoast SEO plugin v26.9 - https:\/\/yoast.com\/product\/yoast-seo-wordpress\/ -->\n<title>Libro de Glosas (2009) - Calefax Shop<\/title>\n<meta name=\"robots\" content=\"index, follow, max-snippet:-1, max-image-preview:large, max-video-preview:-1\" \/>\n<link rel=\"canonical\" href=\"https:\/\/calefax.nl\/shop\/shop\/cds\/libro-de-glosas\/\" \/>\n<meta property=\"og:locale\" content=\"en_US\" \/>\n<meta property=\"og:type\" content=\"article\" \/>\n<meta property=\"og:title\" content=\"Libro de Glosas (2009) - Calefax Shop\" \/>\n<meta property=\"og:description\" content=\"A \u2018semi live\u2019 CD especially produced for Calefax\u2019s Japan Tour 2009.\" \/>\n<meta property=\"og:url\" content=\"https:\/\/calefax.nl\/shop\/shop\/cds\/libro-de-glosas\/\" \/>\n<meta property=\"og:site_name\" content=\"Calefax Shop\" \/>\n<meta property=\"article:modified_time\" content=\"2020-09-10T14:36:18+00:00\" \/>\n<meta property=\"og:image\" content=\"https:\/\/calefax.nl\/app\/uploads\/2013\/12\/Calefax-CD-Libro-voorkant-1.jpg\" \/>\n\t<meta property=\"og:image:width\" content=\"1645\" \/>\n\t<meta property=\"og:image:height\" content=\"1471\" \/>\n\t<meta property=\"og:image:type\" content=\"image\/jpeg\" \/>\n<meta name=\"twitter:card\" content=\"summary_large_image\" \/>\n<meta name=\"twitter:label1\" content=\"Est. reading time\" \/>\n\t<meta name=\"twitter:data1\" content=\"1 minute\" \/>\n<script type=\"application\/ld+json\" class=\"yoast-schema-graph\">{\"@context\":\"https:\/\/schema.org\",\"@graph\":[{\"@type\":\"WebPage\",\"@id\":\"https:\/\/calefax.nl\/shop\/shop\/cds\/libro-de-glosas\/\",\"url\":\"https:\/\/calefax.nl\/shop\/shop\/cds\/libro-de-glosas\/\",\"name\":\"Libro de Glosas (2009) - Calefax Shop\",\"isPartOf\":{\"@id\":\"https:\/\/calefax.nl\/shop\/#website\"},\"primaryImageOfPage\":{\"@id\":\"https:\/\/calefax.nl\/shop\/shop\/cds\/libro-de-glosas\/#primaryimage\"},\"image\":{\"@id\":\"https:\/\/calefax.nl\/shop\/shop\/cds\/libro-de-glosas\/#primaryimage\"},\"thumbnailUrl\":\"https:\/\/calefax.nl\/app\/uploads\/2013\/12\/Calefax-CD-Libro-voorkant-1.jpg\",\"datePublished\":\"2013-12-18T23:27:29+00:00\",\"dateModified\":\"2020-09-10T14:36:18+00:00\",\"breadcrumb\":{\"@id\":\"https:\/\/calefax.nl\/shop\/shop\/cds\/libro-de-glosas\/#breadcrumb\"},\"inLanguage\":\"en-US\",\"potentialAction\":[{\"@type\":\"ReadAction\",\"target\":[\"https:\/\/calefax.nl\/shop\/shop\/cds\/libro-de-glosas\/\"]}]},{\"@type\":\"ImageObject\",\"inLanguage\":\"en-US\",\"@id\":\"https:\/\/calefax.nl\/shop\/shop\/cds\/libro-de-glosas\/#primaryimage\",\"url\":\"https:\/\/calefax.nl\/app\/uploads\/2013\/12\/Calefax-CD-Libro-voorkant-1.jpg\",\"contentUrl\":\"https:\/\/calefax.nl\/app\/uploads\/2013\/12\/Calefax-CD-Libro-voorkant-1.jpg\",\"width\":1645,\"height\":1471},{\"@type\":\"BreadcrumbList\",\"@id\":\"https:\/\/calefax.nl\/shop\/shop\/cds\/libro-de-glosas\/#breadcrumb\",\"itemListElement\":[{\"@type\":\"ListItem\",\"position\":1,\"name\":\"Home\",\"item\":\"https:\/\/calefax.nl\/shop\/\"},{\"@type\":\"ListItem\",\"position\":2,\"name\":\"All products\",\"item\":\"https:\/\/calefax.nl\/shop\/all-products\/\"},{\"@type\":\"ListItem\",\"position\":3,\"name\":\"Libro de Glosas (2009)\"}]},{\"@type\":\"WebSite\",\"@id\":\"https:\/\/calefax.nl\/shop\/#website\",\"url\":\"https:\/\/calefax.nl\/shop\/\",\"name\":\"Calefax Shop\",\"description\":\"Shop\",\"publisher\":{\"@id\":\"https:\/\/calefax.nl\/shop\/#organization\"},\"potentialAction\":[{\"@type\":\"SearchAction\",\"target\":{\"@type\":\"EntryPoint\",\"urlTemplate\":\"https:\/\/calefax.nl\/shop\/?s={search_term_string}\"},\"query-input\":{\"@type\":\"PropertyValueSpecification\",\"valueRequired\":true,\"valueName\":\"search_term_string\"}}],\"inLanguage\":\"en-US\"},{\"@type\":\"Organization\",\"@id\":\"https:\/\/calefax.nl\/shop\/#organization\",\"name\":\"Calefax Shop\",\"url\":\"https:\/\/calefax.nl\/shop\/\",\"logo\":{\"@type\":\"ImageObject\",\"inLanguage\":\"en-US\",\"@id\":\"https:\/\/calefax.nl\/shop\/#\/schema\/logo\/image\/\",\"url\":\"https:\/\/calefax.nl\/app\/uploads\/2017\/06\/cropped-cropped-logo-calefax-2.gif\",\"contentUrl\":\"https:\/\/calefax.nl\/app\/uploads\/2017\/06\/cropped-cropped-logo-calefax-2.gif\",\"width\":560,\"height\":110,\"caption\":\"Calefax Shop\"},\"image\":{\"@id\":\"https:\/\/calefax.nl\/shop\/#\/schema\/logo\/image\/\"}}]}<\/script>\n<!-- \/ Yoast SEO plugin. -->","yoast_head_json":{"title":"Libro de Glosas (2009) - Calefax Shop","robots":{"index":"index","follow":"follow","max-snippet":"max-snippet:-1","max-image-preview":"max-image-preview:large","max-video-preview":"max-video-preview:-1"},"canonical":"https:\/\/calefax.nl\/shop\/shop\/cds\/libro-de-glosas\/","og_locale":"en_US","og_type":"article","og_title":"Libro de Glosas (2009) - Calefax Shop","og_description":"A \u2018semi live\u2019 CD especially produced for Calefax\u2019s Japan Tour 2009.","og_url":"https:\/\/calefax.nl\/shop\/shop\/cds\/libro-de-glosas\/","og_site_name":"Calefax Shop","article_modified_time":"2020-09-10T14:36:18+00:00","og_image":[{"width":1645,"height":1471,"url":"https:\/\/calefax.nl\/app\/uploads\/2013\/12\/Calefax-CD-Libro-voorkant-1.jpg","type":"image\/jpeg"}],"twitter_card":"summary_large_image","twitter_misc":{"Est. reading time":"1 minute"},"schema":{"@context":"https:\/\/schema.org","@graph":[{"@type":"WebPage","@id":"https:\/\/calefax.nl\/shop\/shop\/cds\/libro-de-glosas\/","url":"https:\/\/calefax.nl\/shop\/shop\/cds\/libro-de-glosas\/","name":"Libro de Glosas (2009) - Calefax Shop","isPartOf":{"@id":"https:\/\/calefax.nl\/shop\/#website"},"primaryImageOfPage":{"@id":"https:\/\/calefax.nl\/shop\/shop\/cds\/libro-de-glosas\/#primaryimage"},"image":{"@id":"https:\/\/calefax.nl\/shop\/shop\/cds\/libro-de-glosas\/#primaryimage"},"thumbnailUrl":"https:\/\/calefax.nl\/app\/uploads\/2013\/12\/Calefax-CD-Libro-voorkant-1.jpg","datePublished":"2013-12-18T23:27:29+00:00","dateModified":"2020-09-10T14:36:18+00:00","breadcrumb":{"@id":"https:\/\/calefax.nl\/shop\/shop\/cds\/libro-de-glosas\/#breadcrumb"},"inLanguage":"en-US","potentialAction":[{"@type":"ReadAction","target":["https:\/\/calefax.nl\/shop\/shop\/cds\/libro-de-glosas\/"]}]},{"@type":"ImageObject","inLanguage":"en-US","@id":"https:\/\/calefax.nl\/shop\/shop\/cds\/libro-de-glosas\/#primaryimage","url":"https:\/\/calefax.nl\/app\/uploads\/2013\/12\/Calefax-CD-Libro-voorkant-1.jpg","contentUrl":"https:\/\/calefax.nl\/app\/uploads\/2013\/12\/Calefax-CD-Libro-voorkant-1.jpg","width":1645,"height":1471},{"@type":"BreadcrumbList","@id":"https:\/\/calefax.nl\/shop\/shop\/cds\/libro-de-glosas\/#breadcrumb","itemListElement":[{"@type":"ListItem","position":1,"name":"Home","item":"https:\/\/calefax.nl\/shop\/"},{"@type":"ListItem","position":2,"name":"All products","item":"https:\/\/calefax.nl\/shop\/all-products\/"},{"@type":"ListItem","position":3,"name":"Libro de Glosas (2009)"}]},{"@type":"WebSite","@id":"https:\/\/calefax.nl\/shop\/#website","url":"https:\/\/calefax.nl\/shop\/","name":"Calefax Shop","description":"Shop","publisher":{"@id":"https:\/\/calefax.nl\/shop\/#organization"},"potentialAction":[{"@type":"SearchAction","target":{"@type":"EntryPoint","urlTemplate":"https:\/\/calefax.nl\/shop\/?s={search_term_string}"},"query-input":{"@type":"PropertyValueSpecification","valueRequired":true,"valueName":"search_term_string"}}],"inLanguage":"en-US"},{"@type":"Organization","@id":"https:\/\/calefax.nl\/shop\/#organization","name":"Calefax Shop","url":"https:\/\/calefax.nl\/shop\/","logo":{"@type":"ImageObject","inLanguage":"en-US","@id":"https:\/\/calefax.nl\/shop\/#\/schema\/logo\/image\/","url":"https:\/\/calefax.nl\/app\/uploads\/2017\/06\/cropped-cropped-logo-calefax-2.gif","contentUrl":"https:\/\/calefax.nl\/app\/uploads\/2017\/06\/cropped-cropped-logo-calefax-2.gif","width":560,"height":110,"caption":"Calefax Shop"},"image":{"@id":"https:\/\/calefax.nl\/shop\/#\/schema\/logo\/image\/"}}]}},"_links":{"self":[{"href":"https:\/\/calefax.nl\/shop\/wp-json\/wp\/v2\/product\/3882","targetHints":{"allow":["GET"]}}],"collection":[{"href":"https:\/\/calefax.nl\/shop\/wp-json\/wp\/v2\/product"}],"about":[{"href":"https:\/\/calefax.nl\/shop\/wp-json\/wp\/v2\/types\/product"}],"replies":[{"embeddable":true,"href":"https:\/\/calefax.nl\/shop\/wp-json\/wp\/v2\/comments?post=3882"}],"wp:featuredmedia":[{"embeddable":true,"href":"https:\/\/calefax.nl\/shop\/wp-json\/wp\/v2\/media\/4127"}],"wp:attachment":[{"href":"https:\/\/calefax.nl\/shop\/wp-json\/wp\/v2\/media?parent=3882"}],"wp:term":[{"taxonomy":"product_brand","embeddable":true,"href":"https:\/\/calefax.nl\/shop\/wp-json\/wp\/v2\/product_brand?post=3882"},{"taxonomy":"product_cat","embeddable":true,"href":"https:\/\/calefax.nl\/shop\/wp-json\/wp\/v2\/product_cat?post=3882"},{"taxonomy":"product_tag","embeddable":true,"href":"https:\/\/calefax.nl\/shop\/wp-json\/wp\/v2\/product_tag?post=3882"}],"curies":[{"name":"wp","href":"https:\/\/api.w.org\/{rel}","templated":true}]}}